{"id":2285,"date":"2026-04-07T12:01:24","date_gmt":"2026-04-07T10:01:24","guid":{"rendered":"https:\/\/ro-bots.fr\/?page_id=2285"},"modified":"2026-04-28T16:45:41","modified_gmt":"2026-04-28T14:45:41","slug":"la-cite-des-robots-et-des-decouvertes","status":"publish","type":"page","link":"https:\/\/ro-bots.fr\/index.php\/la-cite-des-robots-et-des-decouvertes\/","title":{"rendered":"La cit\u00e9 des robots et des d\u00e9couvertes"},"content":{"rendered":"\n<figure class=\"wp-block-image size-full\"><img loading=\"lazy\" decoding=\"async\" width=\"2560\" height=\"1375\" src=\"https:\/\/ro-bots.fr\/wp-content\/uploads\/2026\/04\/Logo-scaled.jpg\" alt=\"\" class=\"wp-image-2290\" srcset=\"https:\/\/ro-bots.fr\/wp-content\/uploads\/2026\/04\/Logo-scaled.jpg 2560w, https:\/\/ro-bots.fr\/wp-content\/uploads\/2026\/04\/Logo-300x161.jpg 300w, https:\/\/ro-bots.fr\/wp-content\/uploads\/2026\/04\/Logo-1024x550.jpg 1024w, https:\/\/ro-bots.fr\/wp-content\/uploads\/2026\/04\/Logo-768x412.jpg 768w, https:\/\/ro-bots.fr\/wp-content\/uploads\/2026\/04\/Logo-1536x825.jpg 1536w, https:\/\/ro-bots.fr\/wp-content\/uploads\/2026\/04\/Logo-2048x1100.jpg 2048w, https:\/\/ro-bots.fr\/wp-content\/uploads\/2026\/04\/Logo-24x13.jpg 24w, https:\/\/ro-bots.fr\/wp-content\/uploads\/2026\/04\/Logo-36x19.jpg 36w, https:\/\/ro-bots.fr\/wp-content\/uploads\/2026\/04\/Logo-48x26.jpg 48w\" sizes=\"auto, (max-width: 706px) 89vw, (max-width: 767px) 82vw, 740px\" \/><\/figure>\n\n\n<div class=\"wp-block-image\">\n<figure class=\"aligncenter size-large\"><img loading=\"lazy\" decoding=\"async\" width=\"733\" height=\"1024\" src=\"https:\/\/ro-bots.fr\/wp-content\/uploads\/2026\/04\/Le-programme-des-evenements-733x1024.png\" alt=\"\" class=\"wp-image-2294\" srcset=\"https:\/\/ro-bots.fr\/wp-content\/uploads\/2026\/04\/Le-programme-des-evenements-733x1024.png 733w, https:\/\/ro-bots.fr\/wp-content\/uploads\/2026\/04\/Le-programme-des-evenements-215x300.png 215w, https:\/\/ro-bots.fr\/wp-content\/uploads\/2026\/04\/Le-programme-des-evenements-768x1074.png 768w, https:\/\/ro-bots.fr\/wp-content\/uploads\/2026\/04\/Le-programme-des-evenements-scaled.png 1831w\" sizes=\"auto, (max-width: 733px) 100vw, 733px\" \/><\/figure>\n<\/div>\n\n\n<p>Le festival la cit\u00e9 des robots et des d\u00e9couvertes organis\u00e9 par l\u2019association Ro-Bots<br>accueille le championnat Robots Sportifs.<br>Le festival se d\u00e9roulera le samedi 30 mai au Point Fort \u00e0 Aubervilliers de 11h \u00e0 18h,<br>gratuit et en acc\u00e8s libre !<br>Lors de ce festival le public pourra participer \u00e0 des activit\u00e9s sur des stands<br>proposant des ateliers pour toute la famille \u00e0 partir de 4 ans.<br>Vous pourrez participer \u00e0 des ateliers et d\u00e9couvrir des techniques num\u00e9riques,<br>artisanales, du bricolage, de la r\u00e9cup cr\u00e9ative, piloter des robots de combat, des<br>robots footballeurs, vous projeter dans les m\u00e9tiers num\u00e9riques et scientifiques.<br>Vous pourrez assister \u00e0 la cinqui\u00e8me \u00e9dition du Championnat Robots Sportifs :<br>championnat de robots footballeurs r\u00e9unissant plus de 300 jeunes francilien.ne.s de<br>10 \u00e0 17 ans.<br>Espace picnic et restauration sur place, accessible PMR.<\/p>\n","protected":false},"excerpt":{"rendered":"<p>Le festival la cit\u00e9 des robots et des d\u00e9couvertes organis\u00e9 par l\u2019association Ro-Botsaccueille le championnat Robots Sportifs.Le festival se d\u00e9roulera le samedi 30 mai au Point Fort \u00e0 Aubervilliers de 11h \u00e0 18h,gratuit et en acc\u00e8s libre !Lors de ce festival le public pourra participer \u00e0 des activit\u00e9s sur des standsproposant des ateliers pour toute &hellip; <\/p>\n<p class=\"link-more\"><a href=\"https:\/\/ro-bots.fr\/index.php\/la-cite-des-robots-et-des-decouvertes\/\" class=\"more-link\">Continuer la lecture<span class=\"screen-reader-text\"> de &laquo;&nbsp;La cit\u00e9 des robots et des d\u00e9couvertes&nbsp;&raquo;<\/span><\/a><\/p>\n","protected":false},"author":3,"featured_media":0,"parent":0,"menu_order":0,"comment_status":"closed","ping_status":"closed","template":"","meta":{"_eb_attr":"","_uag_custom_page_level_css":"","footnotes":""},"class_list":["post-2285","page","type-page","status-publish","hentry"],"featured_image_src":null,"uagb_featured_image_src":{"full":false,"thumbnail":false,"medium":false,"medium_large":false,"large":false,"1536x1536":false,"2048x2048":false,"twentyseventeen-featured-image":false,"twentyseventeen-thumbnail-avatar":false,"menu-24x24":false,"menu-36x36":false,"menu-48x48":false},"uagb_author_info":{"display_name":"Robots","author_link":"https:\/\/ro-bots.fr\/index.php\/author\/robots\/"},"uagb_comment_info":0,"uagb_excerpt":"Le festival la cit\u00e9 des robots et des d\u00e9couvertes organis\u00e9 par l\u2019association Ro-Botsaccueille le championnat Robots Sportifs.Le festival se d\u00e9roulera le samedi 30 mai au Point Fort \u00e0 Aubervilliers de 11h \u00e0 18h,gratuit et en acc\u00e8s libre !Lors de ce festival le public pourra participer \u00e0 des activit\u00e9s sur des standsproposant des ateliers pour toute\u2026","_links":{"self":[{"href":"https:\/\/ro-bots.fr\/index.php\/wp-json\/wp\/v2\/pages\/2285","targetHints":{"allow":["GET"]}}],"collection":[{"href":"https:\/\/ro-bots.fr\/index.php\/wp-json\/wp\/v2\/pages"}],"about":[{"href":"https:\/\/ro-bots.fr\/index.php\/wp-json\/wp\/v2\/types\/page"}],"author":[{"embeddable":true,"href":"https:\/\/ro-bots.fr\/index.php\/wp-json\/wp\/v2\/users\/3"}],"replies":[{"embeddable":true,"href":"https:\/\/ro-bots.fr\/index.php\/wp-json\/wp\/v2\/comments?post=2285"}],"version-history":[{"count":6,"href":"https:\/\/ro-bots.fr\/index.php\/wp-json\/wp\/v2\/pages\/2285\/revisions"}],"predecessor-version":[{"id":2297,"href":"https:\/\/ro-bots.fr\/index.php\/wp-json\/wp\/v2\/pages\/2285\/revisions\/2297"}],"wp:attachment":[{"href":"https:\/\/ro-bots.fr\/index.php\/wp-json\/wp\/v2\/media?parent=2285"}],"curies":[{"name":"wp","href":"https:\/\/api.w.org\/{rel}","templated":true}]}}