{"id":410,"date":"2023-09-04T11:11:06","date_gmt":"2023-09-04T09:11:06","guid":{"rendered":"https:\/\/ro-bots.fr\/?page_id=410"},"modified":"2024-08-20T09:48:35","modified_gmt":"2024-08-20T07:48:35","slug":"studio-pedagogique","status":"publish","type":"page","link":"https:\/\/ro-bots.fr\/index.php\/studio-pedagogique\/","title":{"rendered":"Studio p\u00e9dagogique"},"content":{"rendered":"\n<div class=\"wp-block-cover aligncenter is-light\" style=\"min-height:65px;aspect-ratio:unset;\"><span aria-hidden=\"true\" class=\"wp-block-cover__background has-white-background-color has-background-dim-90 has-background-dim\"><\/span><img loading=\"lazy\" decoding=\"async\" width=\"1080\" height=\"1350\" class=\"wp-block-cover__image-background wp-image-884\" alt=\"\" src=\"https:\/\/ro-bots.fr\/wp-content\/uploads\/2023\/09\/Efabrik.jpg\" data-object-fit=\"cover\" srcset=\"https:\/\/ro-bots.fr\/wp-content\/uploads\/2023\/09\/Efabrik.jpg 1080w, https:\/\/ro-bots.fr\/wp-content\/uploads\/2023\/09\/Efabrik-240x300.jpg 240w, https:\/\/ro-bots.fr\/wp-content\/uploads\/2023\/09\/Efabrik-819x1024.jpg 819w, https:\/\/ro-bots.fr\/wp-content\/uploads\/2023\/09\/Efabrik-768x960.jpg 768w, https:\/\/ro-bots.fr\/wp-content\/uploads\/2023\/09\/Efabrik-19x24.jpg 19w, https:\/\/ro-bots.fr\/wp-content\/uploads\/2023\/09\/Efabrik-29x36.jpg 29w, https:\/\/ro-bots.fr\/wp-content\/uploads\/2023\/09\/Efabrik-38x48.jpg 38w\" sizes=\"auto, (max-width: 706px) 89vw, (max-width: 767px) 82vw, 740px\" \/><div class=\"wp-block-cover__inner-container is-layout-constrained wp-block-cover-is-layout-constrained\">\n<div class=\"wp-block-uagb-container uagb-block-e7b3b3e0 alignfull uagb-is-root-container\"><div class=\"uagb-container-inner-blocks-wrap\">\n<h3 class=\"wp-block-heading has-text-align-center has-black-color has-text-color has-large-font-size\">STUDIO PEDAGOGIQUE<\/h3>\n<\/div><\/div>\n<\/div><\/div>\n\n\n<button id=\"listenButton1\" class=\"responsivevoice-button\" type=\"button\" value=\"Play\" title=\"ResponsiveVoice Tap to Start\/Stop Speech\"><span>&#128266; Ecouter le texte<\/span><\/button>\n        <script>\n            listenButton1.onclick = function(){\n                if(responsiveVoice.isPlaying()){\n                    responsiveVoice.cancel();\n                }else{\n                    responsiveVoice.speak(\"STUDIO PEDAGOGIQUE De la plus simple notion au plus complexe des apprentissages, notre studio p\u00e9dagogique travaille l\\'accessibilit\u00e9 pour vos publics en collaboration avec vos \u00e9quipes et des expert.e.s afin de cr\u00e9er des parcours p\u00e9dagogiques au plus proches de vos besoins. Quelles sont les \u00e9tapes? 1- Nous \u00e9tudions votre projet : votre public, vos objectifs p\u00e9dagogiques, vos contraintes mat\u00e9rielles, vos messages\u2026 2 - En \u00e9troite concertation, nous r\u00e9alisons un recueil des apprentissages \u00e0 mettre en jeu avec leurs articulations. 3 - Nous vous proposons une ou plusieurs approches combinant vos besoins et possibilit\u00e9s : animation pour les professionnels et les particuliers, conception d\u2019outils p\u00e9dagogiques d\u00e9ployables en r\u00e9gions, \u00e9critures de formations, animation de s\u00e9minaire en ligne \u00e0 destination d\\'un large public, etc. 4 - Nous d\u00e9ployons ensuite un format test avec un public choisi afin de recueillir les retours. 5 - Nous proposons un d\u00e9ploiement national ou local du dispositif p\u00e9dagogique par l\u2019accompagnement de vos collaborateurs, la formation de nos partenaires locaux ou l\u2019animation par nos \u00e9quipes. Nos r\u00e9f\u00e9rences \u00c9criture et animation de s\u00e9minaires et d\u2019ateliers pour les professionnels sur les concepts scientifiques et techniques de la Blockchain, des NFT, des cryptomonnaies et des m\u00e9tavers.En 2023, plus de 300 participants avec Simplon.co. Conception, coordination et animation d\u2019un championnat de robotique Robots Sportifs \u00e0 destination des 10 - 18 ans pour initier \u00e0 la fabrication robotique.Depuis 2018, plus de 500 participants et plus de 35 structures partenaires pour Ro-Bots. Ecriture et animations de formations d\u2019initiation aux usages num\u00e9riques \u00e0 destination des personnes en situation de handicap mental et psychique des ESATs avec la MSA et le r\u00e9seau Solidel.Depuis 2018, plus de 70 participants. \u00c9criture et formation \u00e0 la fabrication num\u00e9rique, du dessin technique, la CAO, \u00e0 la fabrication en utilisant les machines d\u2019un Fablab.Depuis 2018, plus de 150 participants avec Efabrik et Paris fabrik\", \"French Male\");\n                }\n            };\n        <\/script>\n    \n\n\n\n<div class=\"wp-block-uagb-separator uagb-block-7dfffb26\"><div class=\"uagb-separator-spacing-wrapper\"><div class=\"wp-block-uagb-separator__inner\" style=\"--my-background-image:\"><\/div><\/div><\/div>\n\n\n\n<p style=\"font-size:18px\">De la plus simple notion au plus complexe des apprentissages, notre studio p\u00e9dagogique travaille l&rsquo;accessibilit\u00e9 pour vos publics en collaboration avec vos \u00e9quipes et des expert.e.s afin de cr\u00e9er des parcours p\u00e9dagogiques au plus proches de vos besoins.<\/p>\n\n\n\n<h2 class=\"wp-block-heading\"><strong>Quelles sont les \u00e9tapes?<\/strong><\/h2>\n\n\n\n<p style=\"font-size:18px\">1- <strong>Nous \u00e9tudions votre projet<\/strong> : votre public, vos objectifs p\u00e9dagogiques, vos contraintes mat\u00e9rielles, vos messages\u2026<\/p>\n\n\n\n<p style=\"font-size:18px\">2 &#8211; <strong>En \u00e9troite concertation<\/strong>, nous r\u00e9alisons un recueil des apprentissages \u00e0 mettre en jeu avec leurs articulations.<\/p>\n\n\n\n<p style=\"font-size:18px\">3 &#8211; Nous vous proposons <strong>une ou plusieurs approches<\/strong> combinant vos besoins et possibilit\u00e9s :&nbsp;<\/p>\n\n\n\n<ul class=\"wp-block-list\">\n<li style=\"font-size:18px\">animation pour les professionnels et les particuliers, <\/li>\n\n\n\n<li style=\"font-size:18px\">conception d\u2019outils p\u00e9dagogiques d\u00e9ployables en r\u00e9gions, <\/li>\n\n\n\n<li style=\"font-size:18px\">\u00e9critures de formations, <\/li>\n\n\n\n<li style=\"font-size:18px\">animation de s\u00e9minaire en ligne \u00e0 destination d&rsquo;un large public, <\/li>\n\n\n\n<li style=\"font-size:18px\">etc.<\/li>\n<\/ul>\n\n\n\n<p style=\"font-size:18px\">4 &#8211; Nous d\u00e9ployons ensuite un <strong>format test<\/strong> avec un public choisi afin de recueillir les retours.<\/p>\n\n\n\n<p style=\"font-size:18px\">5 &#8211; Nous proposons un <strong>d\u00e9ploiement national<\/strong> ou local du dispositif p\u00e9dagogique par l\u2019accompagnement de vos collaborateurs, la formation de nos partenaires locaux ou l\u2019animation par nos \u00e9quipes.<\/p>\n\n\n\n<h2 class=\"wp-block-heading\"><strong>Nos r\u00e9f\u00e9rences<\/strong><\/h2>\n\n\n\n<div class=\"wp-block-media-text is-stacked-on-mobile\"><figure class=\"wp-block-media-text__media\"><img loading=\"lazy\" decoding=\"async\" width=\"960\" height=\"540\" src=\"https:\/\/ro-bots.fr\/wp-content\/uploads\/2023\/09\/seminaire-blockchain.png\" alt=\"\" class=\"wp-image-881 size-full\" srcset=\"https:\/\/ro-bots.fr\/wp-content\/uploads\/2023\/09\/seminaire-blockchain.png 960w, https:\/\/ro-bots.fr\/wp-content\/uploads\/2023\/09\/seminaire-blockchain-300x169.png 300w, https:\/\/ro-bots.fr\/wp-content\/uploads\/2023\/09\/seminaire-blockchain-768x432.png 768w, https:\/\/ro-bots.fr\/wp-content\/uploads\/2023\/09\/seminaire-blockchain-24x14.png 24w, https:\/\/ro-bots.fr\/wp-content\/uploads\/2023\/09\/seminaire-blockchain-36x20.png 36w, https:\/\/ro-bots.fr\/wp-content\/uploads\/2023\/09\/seminaire-blockchain-48x27.png 48w\" sizes=\"auto, (max-width: 706px) 89vw, (max-width: 767px) 82vw, 740px\" \/><\/figure><div class=\"wp-block-media-text__content\">\n<p style=\"font-size:18px\">\u00c9criture et animation de <strong>s\u00e9minaires<\/strong> et d\u2019ateliers pour les professionnels sur les concepts scientifiques et techniques de la <strong>Blockchain<\/strong>, des NFT, des cryptomonnaies et des m\u00e9tavers.<br>En 2023, plus de 300 participants avec Simplon.co.<\/p>\n<\/div><\/div>\n\n\n\n<div class=\"wp-block-media-text is-stacked-on-mobile\"><figure class=\"wp-block-media-text__media\"><img loading=\"lazy\" decoding=\"async\" width=\"1024\" height=\"683\" src=\"https:\/\/ro-bots.fr\/wp-content\/uploads\/2023\/09\/ROBOTS_SPORTIFS_photographe_Quentin_Chevrier_mai2023-32-1024x683.jpg\" alt=\"\" class=\"wp-image-882 size-full\" srcset=\"https:\/\/ro-bots.fr\/wp-content\/uploads\/2023\/09\/ROBOTS_SPORTIFS_photographe_Quentin_Chevrier_mai2023-32-1024x683.jpg 1024w, https:\/\/ro-bots.fr\/wp-content\/uploads\/2023\/09\/ROBOTS_SPORTIFS_photographe_Quentin_Chevrier_mai2023-32-300x200.jpg 300w, https:\/\/ro-bots.fr\/wp-content\/uploads\/2023\/09\/ROBOTS_SPORTIFS_photographe_Quentin_Chevrier_mai2023-32-768x512.jpg 768w, https:\/\/ro-bots.fr\/wp-content\/uploads\/2023\/09\/ROBOTS_SPORTIFS_photographe_Quentin_Chevrier_mai2023-32-1536x1024.jpg 1536w, https:\/\/ro-bots.fr\/wp-content\/uploads\/2023\/09\/ROBOTS_SPORTIFS_photographe_Quentin_Chevrier_mai2023-32-2048x1365.jpg 2048w, https:\/\/ro-bots.fr\/wp-content\/uploads\/2023\/09\/ROBOTS_SPORTIFS_photographe_Quentin_Chevrier_mai2023-32-24x16.jpg 24w, https:\/\/ro-bots.fr\/wp-content\/uploads\/2023\/09\/ROBOTS_SPORTIFS_photographe_Quentin_Chevrier_mai2023-32-36x24.jpg 36w, https:\/\/ro-bots.fr\/wp-content\/uploads\/2023\/09\/ROBOTS_SPORTIFS_photographe_Quentin_Chevrier_mai2023-32-48x32.jpg 48w\" sizes=\"auto, (max-width: 706px) 89vw, (max-width: 767px) 82vw, 740px\" \/><\/figure><div class=\"wp-block-media-text__content\">\n<p style=\"font-size:18px\">Conception, coordination et animation d\u2019un <strong>championnat <\/strong>de robotique <a href=\"http:\/\/http;\/\/robots-sportifs.fr\">Robots Sportifs<\/a> \u00e0 destination des 10 &#8211; 18 ans pour initier \u00e0 la <strong>fabrication robotique.<\/strong><br>Depuis 2018, plus de<strong> <\/strong>500 participants<strong> <\/strong>et plus de 35 structures partenaires pour Ro-Bots.<\/p>\n<\/div><\/div>\n\n\n\n<div class=\"wp-block-media-text is-stacked-on-mobile\"><figure class=\"wp-block-media-text__media\"><img loading=\"lazy\" decoding=\"async\" width=\"1024\" height=\"576\" src=\"https:\/\/ro-bots.fr\/wp-content\/uploads\/2023\/09\/challenge-esat-1024x576.png\" alt=\"\" class=\"wp-image-883 size-full\" srcset=\"https:\/\/ro-bots.fr\/wp-content\/uploads\/2023\/09\/challenge-esat-1024x576.png 1024w, https:\/\/ro-bots.fr\/wp-content\/uploads\/2023\/09\/challenge-esat-300x169.png 300w, https:\/\/ro-bots.fr\/wp-content\/uploads\/2023\/09\/challenge-esat-768x432.png 768w, https:\/\/ro-bots.fr\/wp-content\/uploads\/2023\/09\/challenge-esat-1536x864.png 1536w, https:\/\/ro-bots.fr\/wp-content\/uploads\/2023\/09\/challenge-esat-24x14.png 24w, https:\/\/ro-bots.fr\/wp-content\/uploads\/2023\/09\/challenge-esat-36x20.png 36w, https:\/\/ro-bots.fr\/wp-content\/uploads\/2023\/09\/challenge-esat-48x27.png 48w, https:\/\/ro-bots.fr\/wp-content\/uploads\/2023\/09\/challenge-esat.png 1600w\" sizes=\"auto, (max-width: 706px) 89vw, (max-width: 767px) 82vw, 740px\" \/><\/figure><div class=\"wp-block-media-text__content\">\n<p style=\"font-size:18px\">Ecriture et animations de formations d\u2019initiation aux <strong>usages num\u00e9riques<\/strong> \u00e0 destination des personnes en <strong>situation de handicap<\/strong> mental et psychique des ESATs avec la MSA et le r\u00e9seau Solidel.<br>Depuis 2018, plus de 70 participants.<\/p>\n<\/div><\/div>\n\n\n\n<div class=\"wp-block-media-text is-stacked-on-mobile is-image-fill\"><figure class=\"wp-block-media-text__media\" style=\"background-image:url(https:\/\/ro-bots.fr\/wp-content\/uploads\/2023\/09\/Efabrik-819x1024.jpg);background-position:50% 50%\"><img loading=\"lazy\" decoding=\"async\" width=\"819\" height=\"1024\" src=\"https:\/\/ro-bots.fr\/wp-content\/uploads\/2023\/09\/Efabrik-819x1024.jpg\" alt=\"\" class=\"wp-image-884 size-full\" srcset=\"https:\/\/ro-bots.fr\/wp-content\/uploads\/2023\/09\/Efabrik-819x1024.jpg 819w, https:\/\/ro-bots.fr\/wp-content\/uploads\/2023\/09\/Efabrik-240x300.jpg 240w, https:\/\/ro-bots.fr\/wp-content\/uploads\/2023\/09\/Efabrik-768x960.jpg 768w, https:\/\/ro-bots.fr\/wp-content\/uploads\/2023\/09\/Efabrik-19x24.jpg 19w, https:\/\/ro-bots.fr\/wp-content\/uploads\/2023\/09\/Efabrik-29x36.jpg 29w, https:\/\/ro-bots.fr\/wp-content\/uploads\/2023\/09\/Efabrik-38x48.jpg 38w, https:\/\/ro-bots.fr\/wp-content\/uploads\/2023\/09\/Efabrik.jpg 1080w\" sizes=\"auto, (max-width: 706px) 89vw, (max-width: 767px) 82vw, 740px\" \/><\/figure><div class=\"wp-block-media-text__content\">\n<p style=\"font-size:18px\">\u00c9criture et formation \u00e0 la <strong>fabrication num\u00e9rique<\/strong>, du dessin technique, la CAO, \u00e0 la fabrication en utilisant les machines d\u2019un <strong>Fablab<\/strong>.<br>Depuis 2018, plus de 150 participants avec Efabrik et Paris fabrik<\/p>\n<\/div><\/div>\n","protected":false},"excerpt":{"rendered":"<p>De la plus simple notion au plus complexe des apprentissages, notre studio p\u00e9dagogique travaille l&rsquo;accessibilit\u00e9 pour vos publics en collaboration avec vos \u00e9quipes et des expert.e.s afin de cr\u00e9er des parcours p\u00e9dagogiques au plus proches de vos besoins. Quelles sont les \u00e9tapes? 1- Nous \u00e9tudions votre projet : votre public, vos objectifs p\u00e9dagogiques, vos contraintes &hellip; <\/p>\n<p class=\"link-more\"><a href=\"https:\/\/ro-bots.fr\/index.php\/studio-pedagogique\/\" class=\"more-link\">Continuer la lecture<span class=\"screen-reader-text\"> de &laquo;&nbsp;Studio p\u00e9dagogique&nbsp;&raquo;<\/span><\/a><\/p>\n","protected":false},"author":3,"featured_media":0,"parent":0,"menu_order":0,"comment_status":"closed","ping_status":"closed","template":"","meta":{"_eb_attr":"","_uag_custom_page_level_css":"","footnotes":""},"class_list":["post-410","page","type-page","status-publish","hentry"],"featured_image_src":null,"uagb_featured_image_src":{"full":false,"thumbnail":false,"medium":false,"medium_large":false,"large":false,"1536x1536":false,"2048x2048":false,"twentyseventeen-featured-image":false,"twentyseventeen-thumbnail-avatar":false,"menu-24x24":false,"menu-36x36":false,"menu-48x48":false},"uagb_author_info":{"display_name":"Robots","author_link":"https:\/\/ro-bots.fr\/index.php\/author\/robots\/"},"uagb_comment_info":0,"uagb_excerpt":"De la plus simple notion au plus complexe des apprentissages, notre studio p\u00e9dagogique travaille l&rsquo;accessibilit\u00e9 pour vos publics en collaboration avec vos \u00e9quipes et des expert.e.s afin de cr\u00e9er des parcours p\u00e9dagogiques au plus proches de vos besoins. Quelles sont les \u00e9tapes? 1- Nous \u00e9tudions votre projet : votre public, vos objectifs p\u00e9dagogiques, vos contraintes\u2026","_links":{"self":[{"href":"https:\/\/ro-bots.fr\/index.php\/wp-json\/wp\/v2\/pages\/410","targetHints":{"allow":["GET"]}}],"collection":[{"href":"https:\/\/ro-bots.fr\/index.php\/wp-json\/wp\/v2\/pages"}],"about":[{"href":"https:\/\/ro-bots.fr\/index.php\/wp-json\/wp\/v2\/types\/page"}],"author":[{"embeddable":true,"href":"https:\/\/ro-bots.fr\/index.php\/wp-json\/wp\/v2\/users\/3"}],"replies":[{"embeddable":true,"href":"https:\/\/ro-bots.fr\/index.php\/wp-json\/wp\/v2\/comments?post=410"}],"version-history":[{"count":18,"href":"https:\/\/ro-bots.fr\/index.php\/wp-json\/wp\/v2\/pages\/410\/revisions"}],"predecessor-version":[{"id":1808,"href":"https:\/\/ro-bots.fr\/index.php\/wp-json\/wp\/v2\/pages\/410\/revisions\/1808"}],"wp:attachment":[{"href":"https:\/\/ro-bots.fr\/index.php\/wp-json\/wp\/v2\/media?parent=410"}],"curies":[{"name":"wp","href":"https:\/\/api.w.org\/{rel}","templated":true}]}}